{"id":779,"date":"2026-04-21T13:20:42","date_gmt":"2026-04-21T11:20:42","guid":{"rendered":"https:\/\/www.cristaldance.cz\/?page_id=779"},"modified":"2026-04-23T08:59:43","modified_gmt":"2026-04-23T06:59:43","slug":"hlavni-stranka","status":"publish","type":"page","link":"https:\/\/www.cristaldance.cz\/","title":{"rendered":"Hlavn\u00ed str\u00e1nka"},"content":{"rendered":"\n<style>\/* ===== CRISTAL DANCE ===== *\/\n:root { --cd-pink:#d63384; --cd-purple:#9c27b0; --cd-lpink:#fdf2f8; --cd-lpurple:#f3e5f5; }\n.main-navigation a,.menu-item a{color:#333!important;font-weight:600;transition:color .2s}\n.main-navigation a:hover,.main-navigation .current-menu-item>a,.main-navigation .current_page_item>a{color:var(--cd-pink)!important}\n.site-header,.header-wrap{box-shadow:0 2px 10px rgba(214,51,132,.12)}\n.entry-title,.page-title{color:var(--cd-purple)!important}\n.cd-section{background:#fff;border-radius:14px;padding:28px 32px;margin-bottom:24px;box-shadow:0 4px 18px rgba(156,39,176,.08);font-size:1.05rem;line-height:1.8}\n.cd-section p{margin:0}\n.cd-section p+p{margin-top:12px}\n.entry-content,.wp-block-post-content{padding-bottom:48px!important}\n@media(max-width:640px){body{padding-left:12px!important;padding-right:12px!important}.cd-section{padding:16px;margin-left:10px;margin-right:10px;font-size:1rem}}\n<\/style>\n\n\n\n<div class=\"cd-section\">\n  <p>Cristal Dance p\u0159in\u00e1\u0161\u00ed radost, pohyb a nezapomenuteln\u00e9 z\u00e1\u017eitky pro d\u011bti v\u0161ech v\u011bkov\u00fdch kategori\u00ed. Specializujeme se na z\u00e1bavn\u00e9 anima\u010dn\u00ed programy na d\u011btsk\u00e9 oslavy, slavnosti, firemn\u00ed akce i ve\u0159ejn\u00e9 eventy, kde vytv\u00e1\u0159\u00edme kouzelnou atmosf\u00e9ru plnou her, tance a sm\u00edchu.<\/p>\n  <p>Na\u0161e anim\u00e1torky v kost\u00fdmech obl\u00edben\u00fdch poh\u00e1dkov\u00fdch postav vt\u00e1hnou d\u011bti do sv\u011bta fantazie, sout\u011b\u017e\u00ed a dobrodru\u017estv\u00ed, na kter\u00e9 jen tak nezapomenou. Ka\u017ed\u00fd program p\u0159izp\u016fsobujeme na m\u00edru konkr\u00e9tn\u00ed akci tak, aby si ho u\u017eily nejen d\u011bti, ale i rodi\u010de.<\/p>\n  <p>Nov\u011b tak\u00e9 po\u0159\u00e1d\u00e1me p\u0159\u00edm\u011bstsk\u00e9 t\u00e1bory, jejich\u017e prvn\u00ed ro\u010dn\u00edk p\u0159ipravujeme s maxim\u00e1ln\u00ed p\u00e9\u010d\u00ed a nad\u0161en\u00edm. D\u011bti se mohou t\u011b\u0161it na tematick\u00e9 dny pln\u00e9 pohybu, kreativity, her a nov\u00fdch kamar\u00e1dstv\u00ed. D\u00edky na\u0161im dlouholet\u00fdm zku\u0161enostem s prac\u00ed s d\u011btmi klademe d\u016fraz na individu\u00e1ln\u00ed p\u0159\u00edstup, bezpe\u010dn\u00e9 prost\u0159ed\u00ed a p\u0159edev\u0161\u00edm radost z ka\u017ed\u00e9ho dne.<\/p>\n<\/div>\n","protected":false},"excerpt":{"rendered":"<p>Cristal Dance p\u0159in\u00e1\u0161\u00ed radost, pohyb a nezapomenuteln\u00e9 z\u00e1\u017eitky pro d\u011bti v\u0161ech v\u011bkov\u00fdch kategori\u00ed. Specializujeme se na z\u00e1bavn\u00e9 anima\u010dn\u00ed programy na d\u011btsk\u00e9 oslavy, slavnosti, firemn\u00ed akce i ve\u0159ejn\u00e9 eventy, kde vytv\u00e1\u0159\u00edme kouzelnou atmosf\u00e9ru plnou her, tance a sm\u00edchu. Na\u0161e anim\u00e1torky v kost\u00fdmech obl\u00edben\u00fdch poh\u00e1dkov\u00fdch postav vt\u00e1hnou d\u011bti do sv\u011bta fantazie, sout\u011b\u017e\u00ed a dobrodru\u017estv\u00ed, na kter\u00e9 jen [&hellip;]<\/p>\n","protected":false},"author":1,"featured_media":0,"parent":0,"menu_order":0,"comment_status":"closed","ping_status":"closed","template":"","meta":{"_monsterinsights_skip_tracking":false,"_monsterinsights_sitenote_active":false,"_monsterinsights_sitenote_note":"","_monsterinsights_sitenote_category":0,"footnotes":""},"class_list":["post-779","page","type-page","status-publish","hentry"],"yoast_head":"<!-- This site is optimized with the Yoast SEO plugin v27.4 - https:\/\/yoast.com\/product\/yoast-seo-wordpress\/ -->\n<title>Hlavn\u00ed str\u00e1nka - Cristaldance<\/title>\n<meta name=\"robots\" content=\"index, follow, max-snippet:-1, max-image-preview:large, max-video-preview:-1\" \/>\n<link rel=\"canonical\" href=\"https:\/\/www.cristaldance.cz\/\" \/>\n<meta property=\"og:locale\" content=\"cs_CZ\" \/>\n<meta property=\"og:type\" content=\"article\" \/>\n<meta property=\"og:title\" content=\"Hlavn\u00ed str\u00e1nka - Cristaldance\" \/>\n<meta property=\"og:description\" content=\"Cristal Dance p\u0159in\u00e1\u0161\u00ed radost, pohyb a nezapomenuteln\u00e9 z\u00e1\u017eitky pro d\u011bti v\u0161ech v\u011bkov\u00fdch kategori\u00ed. Specializujeme se na z\u00e1bavn\u00e9 anima\u010dn\u00ed programy na d\u011btsk\u00e9 oslavy, slavnosti, firemn\u00ed akce i ve\u0159ejn\u00e9 eventy, kde vytv\u00e1\u0159\u00edme kouzelnou atmosf\u00e9ru plnou her, tance a sm\u00edchu. Na\u0161e anim\u00e1torky v kost\u00fdmech obl\u00edben\u00fdch poh\u00e1dkov\u00fdch postav vt\u00e1hnou d\u011bti do sv\u011bta fantazie, sout\u011b\u017e\u00ed a dobrodru\u017estv\u00ed, na kter\u00e9 jen [&hellip;]\" \/>\n<meta property=\"og:url\" content=\"https:\/\/www.cristaldance.cz\/\" \/>\n<meta property=\"og:site_name\" content=\"Cristaldance\" \/>\n<meta property=\"article:publisher\" content=\"https:\/\/www.facebook.com\/share\/1AAUffTdCp\/?mibextid=wwXIfr\" \/>\n<meta property=\"article:modified_time\" content=\"2026-04-23T06:59:43+00:00\" \/>\n<meta name=\"twitter:card\" content=\"summary_large_image\" \/>\n<meta name=\"twitter:label1\" content=\"Odhadovan\u00e1 doba \u010dten\u00ed\" \/>\n\t<meta name=\"twitter:data1\" content=\"1 minuta\" \/>\n<script type=\"application\/ld+json\" class=\"yoast-schema-graph\">{\"@context\":\"https:\\\/\\\/schema.org\",\"@graph\":[{\"@type\":\"WebPage\",\"@id\":\"https:\\\/\\\/www.cristaldance.cz\\\/\",\"url\":\"https:\\\/\\\/www.cristaldance.cz\\\/\",\"name\":\"Hlavn\u00ed str\u00e1nka - Cristaldance\",\"isPartOf\":{\"@id\":\"https:\\\/\\\/www.cristaldance.cz\\\/#website\"},\"datePublished\":\"2026-04-21T11:20:42+00:00\",\"dateModified\":\"2026-04-23T06:59:43+00:00\",\"breadcrumb\":{\"@id\":\"https:\\\/\\\/www.cristaldance.cz\\\/#breadcrumb\"},\"inLanguage\":\"cs\",\"potentialAction\":[{\"@type\":\"ReadAction\",\"target\":[\"https:\\\/\\\/www.cristaldance.cz\\\/\"]}]},{\"@type\":\"BreadcrumbList\",\"@id\":\"https:\\\/\\\/www.cristaldance.cz\\\/#breadcrumb\",\"itemListElement\":[{\"@type\":\"ListItem\",\"position\":1,\"name\":\"Dom\u016f\",\"item\":\"https:\\\/\\\/www.cristaldance.cz\\\/\"},{\"@type\":\"ListItem\",\"position\":2,\"name\":\"Hlavn\u00ed str\u00e1nka\"}]},{\"@type\":\"WebSite\",\"@id\":\"https:\\\/\\\/www.cristaldance.cz\\\/#website\",\"url\":\"https:\\\/\\\/www.cristaldance.cz\\\/\",\"name\":\"Cristaldance\",\"description\":\"Od prvn\u00edch krok\u016f k velk\u00fdm show!\",\"potentialAction\":[{\"@type\":\"SearchAction\",\"target\":{\"@type\":\"EntryPoint\",\"urlTemplate\":\"https:\\\/\\\/www.cristaldance.cz\\\/?s={search_term_string}\"},\"query-input\":{\"@type\":\"PropertyValueSpecification\",\"valueRequired\":true,\"valueName\":\"search_term_string\"}}],\"inLanguage\":\"cs\"}]}<\/script>\n<!-- \/ Yoast SEO plugin. -->","yoast_head_json":{"title":"Hlavn\u00ed str\u00e1nka - Cristaldance","robots":{"index":"index","follow":"follow","max-snippet":"max-snippet:-1","max-image-preview":"max-image-preview:large","max-video-preview":"max-video-preview:-1"},"canonical":"https:\/\/www.cristaldance.cz\/","og_locale":"cs_CZ","og_type":"article","og_title":"Hlavn\u00ed str\u00e1nka - Cristaldance","og_description":"Cristal Dance p\u0159in\u00e1\u0161\u00ed radost, pohyb a nezapomenuteln\u00e9 z\u00e1\u017eitky pro d\u011bti v\u0161ech v\u011bkov\u00fdch kategori\u00ed. Specializujeme se na z\u00e1bavn\u00e9 anima\u010dn\u00ed programy na d\u011btsk\u00e9 oslavy, slavnosti, firemn\u00ed akce i ve\u0159ejn\u00e9 eventy, kde vytv\u00e1\u0159\u00edme kouzelnou atmosf\u00e9ru plnou her, tance a sm\u00edchu. Na\u0161e anim\u00e1torky v kost\u00fdmech obl\u00edben\u00fdch poh\u00e1dkov\u00fdch postav vt\u00e1hnou d\u011bti do sv\u011bta fantazie, sout\u011b\u017e\u00ed a dobrodru\u017estv\u00ed, na kter\u00e9 jen [&hellip;]","og_url":"https:\/\/www.cristaldance.cz\/","og_site_name":"Cristaldance","article_publisher":"https:\/\/www.facebook.com\/share\/1AAUffTdCp\/?mibextid=wwXIfr","article_modified_time":"2026-04-23T06:59:43+00:00","twitter_card":"summary_large_image","twitter_misc":{"Odhadovan\u00e1 doba \u010dten\u00ed":"1 minuta"},"schema":{"@context":"https:\/\/schema.org","@graph":[{"@type":"WebPage","@id":"https:\/\/www.cristaldance.cz\/","url":"https:\/\/www.cristaldance.cz\/","name":"Hlavn\u00ed str\u00e1nka - Cristaldance","isPartOf":{"@id":"https:\/\/www.cristaldance.cz\/#website"},"datePublished":"2026-04-21T11:20:42+00:00","dateModified":"2026-04-23T06:59:43+00:00","breadcrumb":{"@id":"https:\/\/www.cristaldance.cz\/#breadcrumb"},"inLanguage":"cs","potentialAction":[{"@type":"ReadAction","target":["https:\/\/www.cristaldance.cz\/"]}]},{"@type":"BreadcrumbList","@id":"https:\/\/www.cristaldance.cz\/#breadcrumb","itemListElement":[{"@type":"ListItem","position":1,"name":"Dom\u016f","item":"https:\/\/www.cristaldance.cz\/"},{"@type":"ListItem","position":2,"name":"Hlavn\u00ed str\u00e1nka"}]},{"@type":"WebSite","@id":"https:\/\/www.cristaldance.cz\/#website","url":"https:\/\/www.cristaldance.cz\/","name":"Cristaldance","description":"Od prvn\u00edch krok\u016f k velk\u00fdm show!","potentialAction":[{"@type":"SearchAction","target":{"@type":"EntryPoint","urlTemplate":"https:\/\/www.cristaldance.cz\/?s={search_term_string}"},"query-input":{"@type":"PropertyValueSpecification","valueRequired":true,"valueName":"search_term_string"}}],"inLanguage":"cs"}]}},"_links":{"self":[{"href":"https:\/\/www.cristaldance.cz\/index.php?rest_route=\/wp\/v2\/pages\/779","targetHints":{"allow":["GET"]}}],"collection":[{"href":"https:\/\/www.cristaldance.cz\/index.php?rest_route=\/wp\/v2\/pages"}],"about":[{"href":"https:\/\/www.cristaldance.cz\/index.php?rest_route=\/wp\/v2\/types\/page"}],"author":[{"embeddable":true,"href":"https:\/\/www.cristaldance.cz\/index.php?rest_route=\/wp\/v2\/users\/1"}],"replies":[{"embeddable":true,"href":"https:\/\/www.cristaldance.cz\/index.php?rest_route=%2Fwp%2Fv2%2Fcomments&post=779"}],"version-history":[{"count":8,"href":"https:\/\/www.cristaldance.cz\/index.php?rest_route=\/wp\/v2\/pages\/779\/revisions"}],"predecessor-version":[{"id":863,"href":"https:\/\/www.cristaldance.cz\/index.php?rest_route=\/wp\/v2\/pages\/779\/revisions\/863"}],"wp:attachment":[{"href":"https:\/\/www.cristaldance.cz\/index.php?rest_route=%2Fwp%2Fv2%2Fmedia&parent=779"}],"curies":[{"name":"wp","href":"https:\/\/api.w.org\/{rel}","templated":true}]}}