{"id":781,"date":"2026-04-21T13:20:42","date_gmt":"2026-04-21T11:20:42","guid":{"rendered":"https:\/\/www.cristaldance.cz\/?page_id=781"},"modified":"2026-04-23T08:54:39","modified_gmt":"2026-04-23T06:54:39","slug":"pohadkove-animatorky","status":"publish","type":"page","link":"https:\/\/www.cristaldance.cz\/?page_id=781","title":{"rendered":"Poh\u00e1dkov\u00e9 anim\u00e1torky"},"content":{"rendered":"\n<style>\/* ===== CRISTAL DANCE ===== *\/\n:root { --cd-pink:#d63384; --cd-purple:#9c27b0; --cd-lpink:#fdf2f8; --cd-lpurple:#f3e5f5; }\n.main-navigation a,.menu-item a{color:#333!important;font-weight:600;transition:color .2s}\n.main-navigation a:hover,.main-navigation .current-menu-item>a,.main-navigation .current_page_item>a{color:var(--cd-pink)!important}\n.site-header,.header-wrap{box-shadow:0 2px 10px rgba(214,51,132,.12)}\n.entry-title,.page-title{color:var(--cd-purple)!important}\n.cd-section{background:#fff;border-radius:14px;padding:28px 32px;margin-bottom:24px;box-shadow:0 4px 18px rgba(156,39,176,.08);font-size:1.05rem;line-height:1.8}\n.cd-section p{margin:0}\n.cd-section p+p,.cd-section h3+p{margin-top:8px}\n.cd-section h3{color:var(--cd-purple);font-size:1.15rem;font-weight:700;margin:24px 0 10px;font-family:'Plus Jakarta Sans',sans-serif}\n.cd-section h3:first-child{margin-top:0}\n.entry-content,.wp-block-post-content{padding-bottom:48px!important}\n@media(max-width:640px){body{padding-left:12px!important;padding-right:12px!important}.cd-section{padding:16px;margin-left:10px;margin-right:10px;font-size:1rem}}\n<\/style>\n\n\n\n<div class=\"cd-section\">\n  <p>Na\u0161e poh\u00e1dkov\u00e9 anim\u00e1torky prom\u011bn\u00ed ka\u017edou akci v kouzeln\u00fd z\u00e1\u017eitek pln\u00fd radosti, sm\u00edchu a fantazie. V kost\u00fdmech obl\u00edben\u00fdch poh\u00e1dkov\u00fdch postav vt\u00e1hneme d\u011bti do sv\u011bta her, tance a dobrodru\u017estv\u00ed, kde se na chv\u00edli stanou sou\u010d\u00e1st\u00ed poh\u00e1dky.<\/p>\n\n  <h3>Narozeninov\u00e9 oslavy<\/h3>\n  <p>Chcete pro sv\u00e9 d\u00edt\u011b nezapomenutelnou oslavu? P\u0159ijedeme p\u0159\u00edmo za v\u00e1mi a vytvo\u0159\u00edme program pln\u00fd her, tance a z\u00e1bavy, kter\u00fd p\u0159izp\u016fsob\u00edme v\u011bku i p\u0159\u00e1n\u00edm oslavence.<\/p>\n\n  <h3>Karnevaly<\/h3>\n  <p>Zajist\u00edme z\u00e1bavn\u00fd anima\u010dn\u00ed program, kter\u00fd rozh\u00fdbe mal\u00e9 i velk\u00e9. T\u011b\u0161it se m\u016f\u017eete na sout\u011b\u017ee, tane\u010dky a skv\u011blou atmosf\u00e9ru v poh\u00e1dkov\u00e9m stylu.<\/p>\n\n  <h3>M\u011bstsk\u00e9 akce<\/h3>\n  <p>Postar\u00e1me se o program pro d\u011bti na ve\u0159ejn\u00fdch akc\u00edch, slavnostech \u010di festivalech. Na\u0161e anim\u00e1torky vytvo\u0159\u00ed hrav\u00e9 stanovi\u0161t\u011b nebo doprovodn\u00fd program, kter\u00fd p\u0159it\u00e1hne pozornost a zabav\u00ed d\u011bti.<\/p>\n\n  <h3>Akce na m\u00edru<\/h3>\n  <p>Ka\u017ed\u00e1 akce je jin\u00e1 \u2013 r\u00e1di v\u00e1m p\u0159iprav\u00edme program p\u0159esn\u011b podle va\u0161ich p\u0159edstav. Spole\u010dn\u011b dolad\u00edme pr\u016fb\u011bh, d\u00e9lku i zam\u011b\u0159en\u00ed programu.<\/p>\n<\/div>\n","protected":false},"excerpt":{"rendered":"<p>Na\u0161e poh\u00e1dkov\u00e9 anim\u00e1torky prom\u011bn\u00ed ka\u017edou akci v kouzeln\u00fd z\u00e1\u017eitek pln\u00fd radosti, sm\u00edchu a fantazie. V kost\u00fdmech obl\u00edben\u00fdch poh\u00e1dkov\u00fdch postav vt\u00e1hneme d\u011bti do sv\u011bta her, tance a dobrodru\u017estv\u00ed, kde se na chv\u00edli stanou sou\u010d\u00e1st\u00ed poh\u00e1dky. Narozeninov\u00e9 oslavy Chcete pro sv\u00e9 d\u00edt\u011b nezapomenutelnou oslavu? P\u0159ijedeme p\u0159\u00edmo za v\u00e1mi a vytvo\u0159\u00edme program pln\u00fd her, tance a z\u00e1bavy, kter\u00fd [&hellip;]<\/p>\n","protected":false},"author":1,"featured_media":0,"parent":0,"menu_order":0,"comment_status":"closed","ping_status":"closed","template":"","meta":{"_monsterinsights_skip_tracking":false,"_monsterinsights_sitenote_active":false,"_monsterinsights_sitenote_note":"","_monsterinsights_sitenote_category":0,"footnotes":""},"class_list":["post-781","page","type-page","status-publish","hentry"],"yoast_head":"<!-- This site is optimized with the Yoast SEO plugin v27.4 - https:\/\/yoast.com\/product\/yoast-seo-wordpress\/ -->\n<title>Poh\u00e1dkov\u00e9 anim\u00e1torky - Cristaldance<\/title>\n<meta name=\"robots\" content=\"index, follow, max-snippet:-1, max-image-preview:large, max-video-preview:-1\" \/>\n<link rel=\"canonical\" href=\"https:\/\/www.cristaldance.cz\/?page_id=781\" \/>\n<meta property=\"og:locale\" content=\"cs_CZ\" \/>\n<meta property=\"og:type\" content=\"article\" \/>\n<meta property=\"og:title\" content=\"Poh\u00e1dkov\u00e9 anim\u00e1torky - Cristaldance\" \/>\n<meta property=\"og:description\" content=\"Na\u0161e poh\u00e1dkov\u00e9 anim\u00e1torky prom\u011bn\u00ed ka\u017edou akci v kouzeln\u00fd z\u00e1\u017eitek pln\u00fd radosti, sm\u00edchu a fantazie. V kost\u00fdmech obl\u00edben\u00fdch poh\u00e1dkov\u00fdch postav vt\u00e1hneme d\u011bti do sv\u011bta her, tance a dobrodru\u017estv\u00ed, kde se na chv\u00edli stanou sou\u010d\u00e1st\u00ed poh\u00e1dky. Narozeninov\u00e9 oslavy Chcete pro sv\u00e9 d\u00edt\u011b nezapomenutelnou oslavu? P\u0159ijedeme p\u0159\u00edmo za v\u00e1mi a vytvo\u0159\u00edme program pln\u00fd her, tance a z\u00e1bavy, kter\u00fd [&hellip;]\" \/>\n<meta property=\"og:url\" content=\"https:\/\/www.cristaldance.cz\/?page_id=781\" \/>\n<meta property=\"og:site_name\" content=\"Cristaldance\" \/>\n<meta property=\"article:publisher\" content=\"https:\/\/www.facebook.com\/share\/1AAUffTdCp\/?mibextid=wwXIfr\" \/>\n<meta property=\"article:modified_time\" content=\"2026-04-23T06:54:39+00:00\" \/>\n<meta name=\"twitter:card\" content=\"summary_large_image\" \/>\n<meta name=\"twitter:label1\" content=\"Odhadovan\u00e1 doba \u010dten\u00ed\" \/>\n\t<meta name=\"twitter:data1\" content=\"1 minuta\" \/>\n<script type=\"application\/ld+json\" class=\"yoast-schema-graph\">{\"@context\":\"https:\\\/\\\/schema.org\",\"@graph\":[{\"@type\":\"WebPage\",\"@id\":\"https:\\\/\\\/www.cristaldance.cz\\\/?page_id=781\",\"url\":\"https:\\\/\\\/www.cristaldance.cz\\\/?page_id=781\",\"name\":\"Poh\u00e1dkov\u00e9 anim\u00e1torky - Cristaldance\",\"isPartOf\":{\"@id\":\"https:\\\/\\\/www.cristaldance.cz\\\/#website\"},\"datePublished\":\"2026-04-21T11:20:42+00:00\",\"dateModified\":\"2026-04-23T06:54:39+00:00\",\"breadcrumb\":{\"@id\":\"https:\\\/\\\/www.cristaldance.cz\\\/?page_id=781#breadcrumb\"},\"inLanguage\":\"cs\",\"potentialAction\":[{\"@type\":\"ReadAction\",\"target\":[\"https:\\\/\\\/www.cristaldance.cz\\\/?page_id=781\"]}]},{\"@type\":\"BreadcrumbList\",\"@id\":\"https:\\\/\\\/www.cristaldance.cz\\\/?page_id=781#breadcrumb\",\"itemListElement\":[{\"@type\":\"ListItem\",\"position\":1,\"name\":\"Dom\u016f\",\"item\":\"https:\\\/\\\/www.cristaldance.cz\\\/\"},{\"@type\":\"ListItem\",\"position\":2,\"name\":\"Poh\u00e1dkov\u00e9 anim\u00e1torky\"}]},{\"@type\":\"WebSite\",\"@id\":\"https:\\\/\\\/www.cristaldance.cz\\\/#website\",\"url\":\"https:\\\/\\\/www.cristaldance.cz\\\/\",\"name\":\"Cristaldance\",\"description\":\"Od prvn\u00edch krok\u016f k velk\u00fdm show!\",\"potentialAction\":[{\"@type\":\"SearchAction\",\"target\":{\"@type\":\"EntryPoint\",\"urlTemplate\":\"https:\\\/\\\/www.cristaldance.cz\\\/?s={search_term_string}\"},\"query-input\":{\"@type\":\"PropertyValueSpecification\",\"valueRequired\":true,\"valueName\":\"search_term_string\"}}],\"inLanguage\":\"cs\"}]}<\/script>\n<!-- \/ Yoast SEO plugin. -->","yoast_head_json":{"title":"Poh\u00e1dkov\u00e9 anim\u00e1torky - Cristaldance","robots":{"index":"index","follow":"follow","max-snippet":"max-snippet:-1","max-image-preview":"max-image-preview:large","max-video-preview":"max-video-preview:-1"},"canonical":"https:\/\/www.cristaldance.cz\/?page_id=781","og_locale":"cs_CZ","og_type":"article","og_title":"Poh\u00e1dkov\u00e9 anim\u00e1torky - Cristaldance","og_description":"Na\u0161e poh\u00e1dkov\u00e9 anim\u00e1torky prom\u011bn\u00ed ka\u017edou akci v kouzeln\u00fd z\u00e1\u017eitek pln\u00fd radosti, sm\u00edchu a fantazie. V kost\u00fdmech obl\u00edben\u00fdch poh\u00e1dkov\u00fdch postav vt\u00e1hneme d\u011bti do sv\u011bta her, tance a dobrodru\u017estv\u00ed, kde se na chv\u00edli stanou sou\u010d\u00e1st\u00ed poh\u00e1dky. Narozeninov\u00e9 oslavy Chcete pro sv\u00e9 d\u00edt\u011b nezapomenutelnou oslavu? P\u0159ijedeme p\u0159\u00edmo za v\u00e1mi a vytvo\u0159\u00edme program pln\u00fd her, tance a z\u00e1bavy, kter\u00fd [&hellip;]","og_url":"https:\/\/www.cristaldance.cz\/?page_id=781","og_site_name":"Cristaldance","article_publisher":"https:\/\/www.facebook.com\/share\/1AAUffTdCp\/?mibextid=wwXIfr","article_modified_time":"2026-04-23T06:54:39+00:00","twitter_card":"summary_large_image","twitter_misc":{"Odhadovan\u00e1 doba \u010dten\u00ed":"1 minuta"},"schema":{"@context":"https:\/\/schema.org","@graph":[{"@type":"WebPage","@id":"https:\/\/www.cristaldance.cz\/?page_id=781","url":"https:\/\/www.cristaldance.cz\/?page_id=781","name":"Poh\u00e1dkov\u00e9 anim\u00e1torky - Cristaldance","isPartOf":{"@id":"https:\/\/www.cristaldance.cz\/#website"},"datePublished":"2026-04-21T11:20:42+00:00","dateModified":"2026-04-23T06:54:39+00:00","breadcrumb":{"@id":"https:\/\/www.cristaldance.cz\/?page_id=781#breadcrumb"},"inLanguage":"cs","potentialAction":[{"@type":"ReadAction","target":["https:\/\/www.cristaldance.cz\/?page_id=781"]}]},{"@type":"BreadcrumbList","@id":"https:\/\/www.cristaldance.cz\/?page_id=781#breadcrumb","itemListElement":[{"@type":"ListItem","position":1,"name":"Dom\u016f","item":"https:\/\/www.cristaldance.cz\/"},{"@type":"ListItem","position":2,"name":"Poh\u00e1dkov\u00e9 anim\u00e1torky"}]},{"@type":"WebSite","@id":"https:\/\/www.cristaldance.cz\/#website","url":"https:\/\/www.cristaldance.cz\/","name":"Cristaldance","description":"Od prvn\u00edch krok\u016f k velk\u00fdm show!","potentialAction":[{"@type":"SearchAction","target":{"@type":"EntryPoint","urlTemplate":"https:\/\/www.cristaldance.cz\/?s={search_term_string}"},"query-input":{"@type":"PropertyValueSpecification","valueRequired":true,"valueName":"search_term_string"}}],"inLanguage":"cs"}]}},"_links":{"self":[{"href":"https:\/\/www.cristaldance.cz\/index.php?rest_route=\/wp\/v2\/pages\/781","targetHints":{"allow":["GET"]}}],"collection":[{"href":"https:\/\/www.cristaldance.cz\/index.php?rest_route=\/wp\/v2\/pages"}],"about":[{"href":"https:\/\/www.cristaldance.cz\/index.php?rest_route=\/wp\/v2\/types\/page"}],"author":[{"embeddable":true,"href":"https:\/\/www.cristaldance.cz\/index.php?rest_route=\/wp\/v2\/users\/1"}],"replies":[{"embeddable":true,"href":"https:\/\/www.cristaldance.cz\/index.php?rest_route=%2Fwp%2Fv2%2Fcomments&post=781"}],"version-history":[{"count":5,"href":"https:\/\/www.cristaldance.cz\/index.php?rest_route=\/wp\/v2\/pages\/781\/revisions"}],"predecessor-version":[{"id":860,"href":"https:\/\/www.cristaldance.cz\/index.php?rest_route=\/wp\/v2\/pages\/781\/revisions\/860"}],"wp:attachment":[{"href":"https:\/\/www.cristaldance.cz\/index.php?rest_route=%2Fwp%2Fv2%2Fmedia&parent=781"}],"curies":[{"name":"wp","href":"https:\/\/api.w.org\/{rel}","templated":true}]}}