{"id":841,"date":"2026-04-22T12:16:30","date_gmt":"2026-04-22T10:16:30","guid":{"rendered":"https:\/\/www.cristaldance.cz\/?page_id=841"},"modified":"2026-04-22T12:16:30","modified_gmt":"2026-04-22T10:16:30","slug":"foto","status":"publish","type":"page","link":"https:\/\/www.cristaldance.cz\/?page_id=841","title":{"rendered":"Foto"},"content":{"rendered":"\n<style>\n:root { --cd-pink:#d63384; --cd-purple:#9c27b0; --cd-lpink:#fdf2f8; --cd-lpurple:#f3e5f5; }\n.cd-section{background:#fff;border-radius:14px;padding:28px 32px;margin-bottom:24px;box-shadow:0 4px 18px rgba(156,39,176,.08);border-left:5px solid var(--cd-pink);font-size:1.05rem;line-height:1.8}\n.entry-content,.wp-block-post-content{padding-bottom:48px!important}\n@media(max-width:640px){body{padding-left:12px!important;padding-right:12px!important}.cd-section{padding:16px;margin-left:10px;margin-right:10px}}\n<\/style>\n\n\n\n<style>\n.cd-foto-grid{display:grid;grid-template-columns:repeat(auto-fill,minmax(280px,1fr));gap:16px;margin-bottom:24px}\n.cd-foto-grid img{width:100%;border-radius:12px;box-shadow:0 4px 18px rgba(0,0,0,.12);cursor:zoom-in;transition:transform .2s}\n.cd-foto-grid img:hover{transform:scale(1.02)}\n#cd-lightbox{display:none;position:fixed;inset:0;z-index:9999;background:rgba(0,0,0,.85);align-items:center;justify-content:center;cursor:zoom-out;backdrop-filter:blur(4px)}\n#cd-lightbox.open{display:flex}\n#cd-lightbox img{max-width:92vw;max-height:92vh;border-radius:12px;box-shadow:0 20px 60px rgba(0,0,0,.5)}\n<\/style>\n\n<div class=\"cd-foto-grid\">\n  <img decoding=\"async\" src=\"https:\/\/www.cristaldance.cz\/wp-content\/uploads\/2026\/04\/IMG_5861-scaled.jpeg\" alt=\"Poh\u00e1dkov\u00e9 anim\u00e1torky\" onclick=\"document.getElementById('cd-lightbox').classList.add('open');document.getElementById('cd-lb-img').src=this.src\">\n<\/div>\n\n<div id=\"cd-lightbox\" onclick=\"this.classList.remove('open')\">\n  <img decoding=\"async\" id=\"cd-lb-img\" src=\"\" alt=\"\">\n<\/div>\n","protected":false},"excerpt":{"rendered":"","protected":false},"author":1,"featured_media":0,"parent":781,"menu_order":0,"comment_status":"closed","ping_status":"closed","template":"","meta":{"_monsterinsights_skip_tracking":false,"_monsterinsights_sitenote_active":false,"_monsterinsights_sitenote_note":"","_monsterinsights_sitenote_category":0,"footnotes":""},"class_list":["post-841","page","type-page","status-publish","hentry"],"yoast_head":"<!-- This site is optimized with the Yoast SEO plugin v27.4 - https:\/\/yoast.com\/product\/yoast-seo-wordpress\/ -->\n<title>Foto - Cristaldance<\/title>\n<meta name=\"robots\" content=\"index, follow, max-snippet:-1, max-image-preview:large, max-video-preview:-1\" \/>\n<link rel=\"canonical\" href=\"https:\/\/www.cristaldance.cz\/?page_id=841\" \/>\n<meta property=\"og:locale\" content=\"cs_CZ\" \/>\n<meta property=\"og:type\" content=\"article\" \/>\n<meta property=\"og:title\" content=\"Foto - Cristaldance\" \/>\n<meta property=\"og:url\" content=\"https:\/\/www.cristaldance.cz\/?page_id=841\" \/>\n<meta property=\"og:site_name\" content=\"Cristaldance\" \/>\n<meta property=\"article:publisher\" content=\"https:\/\/www.facebook.com\/share\/1AAUffTdCp\/?mibextid=wwXIfr\" \/>\n<meta property=\"og:image\" content=\"https:\/\/www.cristaldance.cz\/wp-content\/uploads\/2026\/04\/IMG_5861-scaled.jpeg\" \/>\n<meta name=\"twitter:card\" content=\"summary_large_image\" \/>\n<script type=\"application\/ld+json\" class=\"yoast-schema-graph\">{\"@context\":\"https:\\\/\\\/schema.org\",\"@graph\":[{\"@type\":\"WebPage\",\"@id\":\"https:\\\/\\\/www.cristaldance.cz\\\/?page_id=841\",\"url\":\"https:\\\/\\\/www.cristaldance.cz\\\/?page_id=841\",\"name\":\"Foto - Cristaldance\",\"isPartOf\":{\"@id\":\"https:\\\/\\\/www.cristaldance.cz\\\/#website\"},\"primaryImageOfPage\":{\"@id\":\"https:\\\/\\\/www.cristaldance.cz\\\/?page_id=841#primaryimage\"},\"image\":{\"@id\":\"https:\\\/\\\/www.cristaldance.cz\\\/?page_id=841#primaryimage\"},\"thumbnailUrl\":\"https:\\\/\\\/www.cristaldance.cz\\\/wp-content\\\/uploads\\\/2026\\\/04\\\/IMG_5861-scaled.jpeg\",\"datePublished\":\"2026-04-22T10:16:30+00:00\",\"breadcrumb\":{\"@id\":\"https:\\\/\\\/www.cristaldance.cz\\\/?page_id=841#breadcrumb\"},\"inLanguage\":\"cs\",\"potentialAction\":[{\"@type\":\"ReadAction\",\"target\":[\"https:\\\/\\\/www.cristaldance.cz\\\/?page_id=841\"]}]},{\"@type\":\"ImageObject\",\"inLanguage\":\"cs\",\"@id\":\"https:\\\/\\\/www.cristaldance.cz\\\/?page_id=841#primaryimage\",\"url\":\"https:\\\/\\\/www.cristaldance.cz\\\/wp-content\\\/uploads\\\/2026\\\/04\\\/IMG_5861-scaled.jpeg\",\"contentUrl\":\"https:\\\/\\\/www.cristaldance.cz\\\/wp-content\\\/uploads\\\/2026\\\/04\\\/IMG_5861-scaled.jpeg\",\"width\":1920,\"height\":2560},{\"@type\":\"BreadcrumbList\",\"@id\":\"https:\\\/\\\/www.cristaldance.cz\\\/?page_id=841#breadcrumb\",\"itemListElement\":[{\"@type\":\"ListItem\",\"position\":1,\"name\":\"Dom\u016f\",\"item\":\"https:\\\/\\\/www.cristaldance.cz\\\/\"},{\"@type\":\"ListItem\",\"position\":2,\"name\":\"Poh\u00e1dkov\u00e9 anim\u00e1torky\",\"item\":\"https:\\\/\\\/www.cristaldance.cz\\\/?page_id=781\"},{\"@type\":\"ListItem\",\"position\":3,\"name\":\"Foto\"}]},{\"@type\":\"WebSite\",\"@id\":\"https:\\\/\\\/www.cristaldance.cz\\\/#website\",\"url\":\"https:\\\/\\\/www.cristaldance.cz\\\/\",\"name\":\"Cristaldance\",\"description\":\"Od prvn\u00edch krok\u016f k velk\u00fdm show!\",\"potentialAction\":[{\"@type\":\"SearchAction\",\"target\":{\"@type\":\"EntryPoint\",\"urlTemplate\":\"https:\\\/\\\/www.cristaldance.cz\\\/?s={search_term_string}\"},\"query-input\":{\"@type\":\"PropertyValueSpecification\",\"valueRequired\":true,\"valueName\":\"search_term_string\"}}],\"inLanguage\":\"cs\"}]}<\/script>\n<!-- \/ Yoast SEO plugin. -->","yoast_head_json":{"title":"Foto - Cristaldance","robots":{"index":"index","follow":"follow","max-snippet":"max-snippet:-1","max-image-preview":"max-image-preview:large","max-video-preview":"max-video-preview:-1"},"canonical":"https:\/\/www.cristaldance.cz\/?page_id=841","og_locale":"cs_CZ","og_type":"article","og_title":"Foto - Cristaldance","og_url":"https:\/\/www.cristaldance.cz\/?page_id=841","og_site_name":"Cristaldance","article_publisher":"https:\/\/www.facebook.com\/share\/1AAUffTdCp\/?mibextid=wwXIfr","og_image":[{"url":"https:\/\/www.cristaldance.cz\/wp-content\/uploads\/2026\/04\/IMG_5861-scaled.jpeg","type":"","width":"","height":""}],"twitter_card":"summary_large_image","schema":{"@context":"https:\/\/schema.org","@graph":[{"@type":"WebPage","@id":"https:\/\/www.cristaldance.cz\/?page_id=841","url":"https:\/\/www.cristaldance.cz\/?page_id=841","name":"Foto - Cristaldance","isPartOf":{"@id":"https:\/\/www.cristaldance.cz\/#website"},"primaryImageOfPage":{"@id":"https:\/\/www.cristaldance.cz\/?page_id=841#primaryimage"},"image":{"@id":"https:\/\/www.cristaldance.cz\/?page_id=841#primaryimage"},"thumbnailUrl":"https:\/\/www.cristaldance.cz\/wp-content\/uploads\/2026\/04\/IMG_5861-scaled.jpeg","datePublished":"2026-04-22T10:16:30+00:00","breadcrumb":{"@id":"https:\/\/www.cristaldance.cz\/?page_id=841#breadcrumb"},"inLanguage":"cs","potentialAction":[{"@type":"ReadAction","target":["https:\/\/www.cristaldance.cz\/?page_id=841"]}]},{"@type":"ImageObject","inLanguage":"cs","@id":"https:\/\/www.cristaldance.cz\/?page_id=841#primaryimage","url":"https:\/\/www.cristaldance.cz\/wp-content\/uploads\/2026\/04\/IMG_5861-scaled.jpeg","contentUrl":"https:\/\/www.cristaldance.cz\/wp-content\/uploads\/2026\/04\/IMG_5861-scaled.jpeg","width":1920,"height":2560},{"@type":"BreadcrumbList","@id":"https:\/\/www.cristaldance.cz\/?page_id=841#breadcrumb","itemListElement":[{"@type":"ListItem","position":1,"name":"Dom\u016f","item":"https:\/\/www.cristaldance.cz\/"},{"@type":"ListItem","position":2,"name":"Poh\u00e1dkov\u00e9 anim\u00e1torky","item":"https:\/\/www.cristaldance.cz\/?page_id=781"},{"@type":"ListItem","position":3,"name":"Foto"}]},{"@type":"WebSite","@id":"https:\/\/www.cristaldance.cz\/#website","url":"https:\/\/www.cristaldance.cz\/","name":"Cristaldance","description":"Od prvn\u00edch krok\u016f k velk\u00fdm show!","potentialAction":[{"@type":"SearchAction","target":{"@type":"EntryPoint","urlTemplate":"https:\/\/www.cristaldance.cz\/?s={search_term_string}"},"query-input":{"@type":"PropertyValueSpecification","valueRequired":true,"valueName":"search_term_string"}}],"inLanguage":"cs"}]}},"_links":{"self":[{"href":"https:\/\/www.cristaldance.cz\/index.php?rest_route=\/wp\/v2\/pages\/841","targetHints":{"allow":["GET"]}}],"collection":[{"href":"https:\/\/www.cristaldance.cz\/index.php?rest_route=\/wp\/v2\/pages"}],"about":[{"href":"https:\/\/www.cristaldance.cz\/index.php?rest_route=\/wp\/v2\/types\/page"}],"author":[{"embeddable":true,"href":"https:\/\/www.cristaldance.cz\/index.php?rest_route=\/wp\/v2\/users\/1"}],"replies":[{"embeddable":true,"href":"https:\/\/www.cristaldance.cz\/index.php?rest_route=%2Fwp%2Fv2%2Fcomments&post=841"}],"version-history":[{"count":1,"href":"https:\/\/www.cristaldance.cz\/index.php?rest_route=\/wp\/v2\/pages\/841\/revisions"}],"predecessor-version":[{"id":842,"href":"https:\/\/www.cristaldance.cz\/index.php?rest_route=\/wp\/v2\/pages\/841\/revisions\/842"}],"up":[{"embeddable":true,"href":"https:\/\/www.cristaldance.cz\/index.php?rest_route=\/wp\/v2\/pages\/781"}],"wp:attachment":[{"href":"https:\/\/www.cristaldance.cz\/index.php?rest_route=%2Fwp%2Fv2%2Fmedia&parent=841"}],"curies":[{"name":"wp","href":"https:\/\/api.w.org\/{rel}","templated":true}]}}