{"id":843,"date":"2026-04-22T12:16:30","date_gmt":"2026-04-22T10:16:30","guid":{"rendered":"https:\/\/www.cristaldance.cz\/?page_id=843"},"modified":"2026-04-22T12:16:30","modified_gmt":"2026-04-22T10:16:30","slug":"video","status":"publish","type":"page","link":"https:\/\/www.cristaldance.cz\/?page_id=843","title":{"rendered":"Video"},"content":{"rendered":"\n<style>\n:root { --cd-pink:#d63384; --cd-purple:#9c27b0; --cd-lpink:#fdf2f8; --cd-lpurple:#f3e5f5; }\n.cd-section{background:#fff;border-radius:14px;padding:28px 32px;margin-bottom:24px;box-shadow:0 4px 18px rgba(156,39,176,.08);border-left:5px solid var(--cd-pink);font-size:1.05rem;line-height:1.8}\n.entry-content,.wp-block-post-content{padding-bottom:48px!important}\n@media(max-width:640px){body{padding-left:12px!important;padding-right:12px!important}.cd-section{padding:16px;margin-left:10px;margin-right:10px}}\n<\/style>\n\n\n\n<style>\n.cd-video-grid{display:grid;grid-template-columns:repeat(auto-fill,minmax(280px,1fr));gap:24px;margin-bottom:24px}\n.cd-video-wrap{position:relative;width:100%;padding-bottom:177.78%;border-radius:16px;overflow:hidden;box-shadow:0 4px 18px rgba(0,0,0,.15)}\n.cd-video-wrap iframe{position:absolute;inset:0;width:100%;height:100%;border:0}\n<\/style>\n\n<div class=\"cd-video-grid\">\n  <div class=\"cd-video-wrap\">\n    <iframe src=\"https:\/\/www.youtube.com\/embed\/mtoNIR27cQU\" allow=\"accelerometer; autoplay; clipboard-write; encrypted-media; gyroscope; picture-in-picture\" allowfullscreen><\/iframe>\n  <\/div>\n  <div class=\"cd-video-wrap\">\n    <iframe src=\"https:\/\/www.youtube.com\/embed\/jEcenbOQDNw\" allow=\"accelerometer; autoplay; clipboard-write; encrypted-media; gyroscope; picture-in-picture\" allowfullscreen><\/iframe>\n  <\/div>\n<\/div>\n","protected":false},"excerpt":{"rendered":"","protected":false},"author":1,"featured_media":0,"parent":781,"menu_order":0,"comment_status":"closed","ping_status":"closed","template":"","meta":{"_monsterinsights_skip_tracking":false,"_monsterinsights_sitenote_active":false,"_monsterinsights_sitenote_note":"","_monsterinsights_sitenote_category":0,"footnotes":""},"class_list":["post-843","page","type-page","status-publish","hentry"],"yoast_head":"<!-- This site is optimized with the Yoast SEO plugin v27.4 - https:\/\/yoast.com\/product\/yoast-seo-wordpress\/ -->\n<title>Video - Cristaldance<\/title>\n<meta name=\"robots\" content=\"index, follow, max-snippet:-1, max-image-preview:large, max-video-preview:-1\" \/>\n<link rel=\"canonical\" href=\"https:\/\/www.cristaldance.cz\/?page_id=843\" \/>\n<meta property=\"og:locale\" content=\"cs_CZ\" \/>\n<meta property=\"og:type\" content=\"article\" \/>\n<meta property=\"og:title\" content=\"Video - Cristaldance\" \/>\n<meta property=\"og:url\" content=\"https:\/\/www.cristaldance.cz\/?page_id=843\" \/>\n<meta property=\"og:site_name\" content=\"Cristaldance\" \/>\n<meta property=\"article:publisher\" content=\"https:\/\/www.facebook.com\/share\/1AAUffTdCp\/?mibextid=wwXIfr\" \/>\n<meta name=\"twitter:card\" content=\"summary_large_image\" \/>\n<script type=\"application\/ld+json\" class=\"yoast-schema-graph\">{\"@context\":\"https:\\\/\\\/schema.org\",\"@graph\":[{\"@type\":\"WebPage\",\"@id\":\"https:\\\/\\\/www.cristaldance.cz\\\/?page_id=843\",\"url\":\"https:\\\/\\\/www.cristaldance.cz\\\/?page_id=843\",\"name\":\"Video - Cristaldance\",\"isPartOf\":{\"@id\":\"https:\\\/\\\/www.cristaldance.cz\\\/#website\"},\"datePublished\":\"2026-04-22T10:16:30+00:00\",\"breadcrumb\":{\"@id\":\"https:\\\/\\\/www.cristaldance.cz\\\/?page_id=843#breadcrumb\"},\"inLanguage\":\"cs\",\"potentialAction\":[{\"@type\":\"ReadAction\",\"target\":[\"https:\\\/\\\/www.cristaldance.cz\\\/?page_id=843\"]}]},{\"@type\":\"BreadcrumbList\",\"@id\":\"https:\\\/\\\/www.cristaldance.cz\\\/?page_id=843#breadcrumb\",\"itemListElement\":[{\"@type\":\"ListItem\",\"position\":1,\"name\":\"Dom\u016f\",\"item\":\"https:\\\/\\\/www.cristaldance.cz\\\/\"},{\"@type\":\"ListItem\",\"position\":2,\"name\":\"Poh\u00e1dkov\u00e9 anim\u00e1torky\",\"item\":\"https:\\\/\\\/www.cristaldance.cz\\\/?page_id=781\"},{\"@type\":\"ListItem\",\"position\":3,\"name\":\"Video\"}]},{\"@type\":\"WebSite\",\"@id\":\"https:\\\/\\\/www.cristaldance.cz\\\/#website\",\"url\":\"https:\\\/\\\/www.cristaldance.cz\\\/\",\"name\":\"Cristaldance\",\"description\":\"Od prvn\u00edch krok\u016f k velk\u00fdm show!\",\"potentialAction\":[{\"@type\":\"SearchAction\",\"target\":{\"@type\":\"EntryPoint\",\"urlTemplate\":\"https:\\\/\\\/www.cristaldance.cz\\\/?s={search_term_string}\"},\"query-input\":{\"@type\":\"PropertyValueSpecification\",\"valueRequired\":true,\"valueName\":\"search_term_string\"}}],\"inLanguage\":\"cs\"}]}<\/script>\n<!-- \/ Yoast SEO plugin. -->","yoast_head_json":{"title":"Video - Cristaldance","robots":{"index":"index","follow":"follow","max-snippet":"max-snippet:-1","max-image-preview":"max-image-preview:large","max-video-preview":"max-video-preview:-1"},"canonical":"https:\/\/www.cristaldance.cz\/?page_id=843","og_locale":"cs_CZ","og_type":"article","og_title":"Video - Cristaldance","og_url":"https:\/\/www.cristaldance.cz\/?page_id=843","og_site_name":"Cristaldance","article_publisher":"https:\/\/www.facebook.com\/share\/1AAUffTdCp\/?mibextid=wwXIfr","twitter_card":"summary_large_image","schema":{"@context":"https:\/\/schema.org","@graph":[{"@type":"WebPage","@id":"https:\/\/www.cristaldance.cz\/?page_id=843","url":"https:\/\/www.cristaldance.cz\/?page_id=843","name":"Video - Cristaldance","isPartOf":{"@id":"https:\/\/www.cristaldance.cz\/#website"},"datePublished":"2026-04-22T10:16:30+00:00","breadcrumb":{"@id":"https:\/\/www.cristaldance.cz\/?page_id=843#breadcrumb"},"inLanguage":"cs","potentialAction":[{"@type":"ReadAction","target":["https:\/\/www.cristaldance.cz\/?page_id=843"]}]},{"@type":"BreadcrumbList","@id":"https:\/\/www.cristaldance.cz\/?page_id=843#breadcrumb","itemListElement":[{"@type":"ListItem","position":1,"name":"Dom\u016f","item":"https:\/\/www.cristaldance.cz\/"},{"@type":"ListItem","position":2,"name":"Poh\u00e1dkov\u00e9 anim\u00e1torky","item":"https:\/\/www.cristaldance.cz\/?page_id=781"},{"@type":"ListItem","position":3,"name":"Video"}]},{"@type":"WebSite","@id":"https:\/\/www.cristaldance.cz\/#website","url":"https:\/\/www.cristaldance.cz\/","name":"Cristaldance","description":"Od prvn\u00edch krok\u016f k velk\u00fdm show!","potentialAction":[{"@type":"SearchAction","target":{"@type":"EntryPoint","urlTemplate":"https:\/\/www.cristaldance.cz\/?s={search_term_string}"},"query-input":{"@type":"PropertyValueSpecification","valueRequired":true,"valueName":"search_term_string"}}],"inLanguage":"cs"}]}},"_links":{"self":[{"href":"https:\/\/www.cristaldance.cz\/index.php?rest_route=\/wp\/v2\/pages\/843","targetHints":{"allow":["GET"]}}],"collection":[{"href":"https:\/\/www.cristaldance.cz\/index.php?rest_route=\/wp\/v2\/pages"}],"about":[{"href":"https:\/\/www.cristaldance.cz\/index.php?rest_route=\/wp\/v2\/types\/page"}],"author":[{"embeddable":true,"href":"https:\/\/www.cristaldance.cz\/index.php?rest_route=\/wp\/v2\/users\/1"}],"replies":[{"embeddable":true,"href":"https:\/\/www.cristaldance.cz\/index.php?rest_route=%2Fwp%2Fv2%2Fcomments&post=843"}],"version-history":[{"count":1,"href":"https:\/\/www.cristaldance.cz\/index.php?rest_route=\/wp\/v2\/pages\/843\/revisions"}],"predecessor-version":[{"id":844,"href":"https:\/\/www.cristaldance.cz\/index.php?rest_route=\/wp\/v2\/pages\/843\/revisions\/844"}],"up":[{"embeddable":true,"href":"https:\/\/www.cristaldance.cz\/index.php?rest_route=\/wp\/v2\/pages\/781"}],"wp:attachment":[{"href":"https:\/\/www.cristaldance.cz\/index.php?rest_route=%2Fwp%2Fv2%2Fmedia&parent=843"}],"curies":[{"name":"wp","href":"https:\/\/api.w.org\/{rel}","templated":true}]}}